{"id":56,"date":"2014-12-04T13:22:25","date_gmt":"2014-12-04T13:22:25","guid":{"rendered":"http:\/\/wordpress.moderuehl.de\/?page_id=56"},"modified":"2025-11-04T16:00:42","modified_gmt":"2025-11-04T16:00:42","slug":"building-web-2","status":"publish","type":"page","link":"https:\/\/moderuehl.de\/","title":{"rendered":"Willkommen"},"content":{"rendered":"<div id=\"trustindex-feed-container-instagram-646a02ea55e16ca\"><\/div>\n<div class=\"section-full-width section-light-bg parallax-scroll\" style=\"background-color:#f7f7f7;\" id=\"derr\u00fchlisteinbisschenwiewindsbach\"><div style=\"background-image:url(http:\/\/wordpress.moderuehl.de\/wp-content\/uploads\/2014\/12\/2photodune-8364358-young-beautiful-elegantly-dressed-woman-with-bicycle-summer-an-m-969x650.jpg); opacity:0.2; filter: alpha(opacity=20);\" class=\"full-bg-image\" ><\/div><div class=\"section-boxed\" style=\"color:#373737;\"><h2 class=\"section-title\" style=\"color:#252525;\">Der R\u00fchl ist ein bisschen wie Windsbach <\/h2><p>Gro\u00df genug, um Abwechslung und Vielfalt bieten zu k\u00f6nnen, aber immer noch so \u00fcberschaubar, dass man sich einfach wohlf\u00fchlt. Unsere Kollektionen stellen wir seit jeher mit gr\u00f6\u00dfter Sorgfalt so zusammen, dass sie dem typischen R\u00fchl-Stil gerecht werden: unaufgeregte Eleganz, feminine Sportivit\u00e4t, klar in der Aussage. Dabei achten wir nicht nur auf h\u00f6chste Qualit\u00e4t und faire Preise, sondern nat\u00fcrlich auch auf ein m\u00f6glichst umfangreiches Gr\u00f6\u00dfen- und Passformspektrum, um wirklich jeder Figur ihr ideales Outfit anbieten zu k\u00f6nnen.<\/p>\n<p>All unser Handeln ist begr\u00fcndet auf dem Bestreben, dass Sie als Kundin sich als Gast des Hauses f\u00fchlen. Ihre W\u00fcnsche und Bed\u00fcrfnisse sind hierf\u00fcr der Ma\u00dfstab. Neben der \u201ehandverlesenen\u201c Kollektionsauswahl k\u00f6nnen Sie deshalb bei uns stets pers\u00f6nliche, kompetente Beratung und individuellen Service erwarten.<\/p>\n<p><strong>Willkommen in Windsbach\u00a0modischer Mitte \u2013 wir freuen uns auf Sie!<\/strong><\/p>\n<p>\n<\/div><\/div>\n<div class=\"services-wrapper services-boxed-photo cols-wrapper cols-4 pexeto-parallax\"><div class=\"services-box col services-no-content\"><a href=\"#\"><div class=\"img-container\"><img decoding=\"async\" src=\"https:\/\/moderuehl.de\/wp-content\/uploads\/2014\/12\/girl-with-creative-hairdo-ns-new-969x650-268x179.jpg\" alt=\"\"\/><\/div><\/a><div class=\"services-content\"><div class=\"sc-wraper\"><\/div><\/div><\/div><div class=\"services-box col services-no-content\"><a href=\"#\"><div class=\"img-container\"><img decoding=\"async\" src=\"https:\/\/moderuehl.de\/wp-content\/uploads\/2014\/12\/Textilhaus-268x179.jpg\" alt=\"\"\/><\/div><\/a><div class=\"services-content\"><div class=\"sc-wraper\"><\/div><\/div><\/div><div class=\"services-box col services-no-content\"><a href=\"#\"><div class=\"img-container\"><img decoding=\"async\" src=\"https:\/\/moderuehl.de\/wp-content\/uploads\/2014\/12\/shutterstock_181111184-969x650-268x179.jpg\" alt=\"\"\/><\/div><\/a><div class=\"services-content\"><div class=\"sc-wraper\"><\/div><\/div><\/div><div class=\"services-box col nomargin services-no-content\"><a href=\"#\"><div class=\"img-container\"><img decoding=\"async\" src=\"https:\/\/moderuehl.de\/wp-content\/uploads\/2020\/04\/Zeiten_Windsbach-268x179.jpg\" alt=\"\"\/><\/div><\/a><div class=\"services-content\"><div class=\"sc-wraper\"><\/div><\/div><\/div><div class=\"services-box col services-no-content\"><a href=\"#\"><div class=\"img-container\"><img decoding=\"async\" src=\"https:\/\/moderuehl.de\/wp-content\/uploads\/2014\/12\/Neuendettelsau-268x179.jpg\" alt=\"\"\/><\/div><\/a><div class=\"services-content\"><div class=\"sc-wraper\"><\/div><\/div><\/div><div class=\"services-box col services-no-content\"><a href=\"#\"><div class=\"img-container\"><img decoding=\"async\" src=\"https:\/\/moderuehl.de\/wp-content\/uploads\/2014\/12\/5226290116_4c46f5e023_2-969x650-268x179.jpg\" alt=\"\"\/><\/div><\/a><div class=\"services-content\"><div class=\"sc-wraper\"><\/div><\/div><\/div><div class=\"services-box col services-no-content\"><a href=\"#\"><div class=\"img-container\"><img decoding=\"async\" src=\"https:\/\/moderuehl.de\/wp-content\/uploads\/2014\/12\/8474038249_d1cf54456d_o-copy-1014x487-268x179.jpg\" alt=\"\"\/><\/div><\/a><div class=\"services-content\"><div class=\"sc-wraper\"><\/div><\/div><\/div><div class=\"services-box col nomargin services-no-content\"><div class=\"img-container\"><img decoding=\"async\" src=\"https:\/\/moderuehl.de\/wp-content\/uploads\/2024\/11\/Zeiten_Nau-1-268x179.png\" alt=\"\"\/><\/div><div class=\"services-content\"><div class=\"sc-wraper\"><\/div><\/div><\/div><div class=\"clear\"><\/div><\/div>\n","protected":false},"excerpt":{"rendered":"","protected":false},"author":2,"featured_media":0,"parent":0,"menu_order":1,"comment_status":"open","ping_status":"open","template":"template-full-custom.php","meta":{"footnotes":""},"class_list":["post-56","page","type-page","status-publish","hentry"],"_links":{"self":[{"href":"https:\/\/moderuehl.de\/index.php?rest_route=\/wp\/v2\/pages\/56","targetHints":{"allow":["GET"]}}],"collection":[{"href":"https:\/\/moderuehl.de\/index.php?rest_route=\/wp\/v2\/pages"}],"about":[{"href":"https:\/\/moderuehl.de\/index.php?rest_route=\/wp\/v2\/types\/page"}],"author":[{"embeddable":true,"href":"https:\/\/moderuehl.de\/index.php?rest_route=\/wp\/v2\/users\/2"}],"replies":[{"embeddable":true,"href":"https:\/\/moderuehl.de\/index.php?rest_route=%2Fwp%2Fv2%2Fcomments&post=56"}],"version-history":[{"count":0,"href":"https:\/\/moderuehl.de\/index.php?rest_route=\/wp\/v2\/pages\/56\/revisions"}],"wp:attachment":[{"href":"https:\/\/moderuehl.de\/index.php?rest_route=%2Fwp%2Fv2%2Fmedia&parent=56"}],"curies":[{"name":"wp","href":"https:\/\/api.w.org\/{rel}","templated":true}]}}