{"id":411,"date":"2015-02-12T17:25:43","date_gmt":"2015-02-12T17:25:43","guid":{"rendered":"http:\/\/wordpress.moderuehl.de\/?page_id=411"},"modified":"2022-08-04T06:46:34","modified_gmt":"2022-08-04T06:46:34","slug":"impressum","status":"publish","type":"page","link":"https:\/\/moderuehl.de\/?page_id=411","title":{"rendered":"Impressum"},"content":{"rendered":"<h3>Anbieter der Webseite:<\/h3>\n<p>Pers\u00f6nlich haftende Gesellschafter:<br \/>\nFriedrich R\u00fchl,\u00a0Nina R\u00fchl<br \/>\nRetzendorfer Str. 8<br \/>\n91575 Windsbach<br \/>\nTelefon 09871 888<br \/>\nFax 09871 1088<\/p>\n<p>USt Id. DE155945177<br \/>\nAmtsgericht Ansbach<br \/>\nHRA 362 (Fall3)<\/p>\n<p>&nbsp;<\/p>\n<h3>Haftung f\u00fcr Inhalte<\/h3>\n<p><span style=\"line-height: 1.5;\">Die Inhalte unserer Seiten wurden mit gr\u00f6\u00dfter Sorgfalt erstellt. F\u00fcr die Richtigkeit, Vollst\u00e4ndigkeit und Aktualit\u00e4t der Inhalte k\u00f6nnen wir jedoch keine Gew\u00e4hr \u00fcbernehmen.<\/span><\/p>\n<h3>Haftung f\u00fcr Links<\/h3>\n<p>Unser Angebot enth\u00e4lt Links zu externen Webseiten Dritter, auf deren Inhalte wir keinen Einfluss haben. Deshalb k\u00f6nnen wir f\u00fcr diese fremden Inhalte auch keine Gew\u00e4hr \u00fcbernehmen. F\u00fcr die Inhalte der verlinkten Seiten ist stets der jeweilige Anbieter oder Betreiber der Seiten verantwortlich. Die verlinkten Seiten wurden zum Zeitpunkt der Verlinkung auf m\u00f6gliche Rechtsverst\u00f6\u00dfe \u00fcberpr\u00fcft. Rechtswidrige Inhalte waren zum Zeitpunkt der Verlinkung nicht erkennbar. Eine permanente inhaltliche Kontrolle der verlinkten Seiten ist jedoch ohne konkrete Anhaltspunkte einer Rechtsverletzung nicht zumutbar. Bei bekannt werden von Rechtsverletzungen werden wir derartige Links umgehend entfernen.<\/p>\n<h3>Urheberrecht<\/h3>\n<p>Die durch die Seitenbetreiber erstellten Inhalte und Werke auf diesen Seiten, insbesondere Fotografien und Texte, unterliegen dem deutschen Urheberrecht. Beitr\u00e4ge Dritter sind als solche gekennzeichnet. Die Vervielf\u00e4ltigung, Bearbeitung, Verbreitung und jede Art der Verwertung au\u00dferhalb der Grenzen des Urheberrechtes bed\u00fcrfen der schriftlichen Zustimmung des jeweiligen Autors bzw. Erstellers. Downloads und Kopien dieser Seite sind nur f\u00fcr den privaten, nicht kommerziellen Gebrauch gestattet.<\/p>\n<p>Die Betreiber der Seiten sind bem\u00fcht, stets die Urheberrechte anderer zu beachten bzw. auf selbst erstellte sowie lizenzfreie Werke zur\u00fcckzugreifen.<\/p>\n<h3>Datenschutz<\/h3>\n<p>Soweit auf unseren Seiten personenbezogene Daten (beispielsweise Name, Anschrift oder eMail-Adressen) erhoben werden, erfolgt dies soweit m\u00f6glich stets auf freiwilliger Basis. Die Nutzung der Angebote und Dienste ist, soweit m\u00f6glich, stets ohne Angabe personenbezogener Daten m\u00f6glich.<\/p>\n<p>Wir weisen darauf hin, dass die Daten\u00fcbertragung im Internet (z.B. bei der Kommunikation per E-Mail) Sicherheitsl\u00fccken aufweisen kann. Ein l\u00fcckenloser Schutz der Daten vor dem Zugriff durch Dritte ist nicht m\u00f6glich.<\/p>\n<p>Der Nutzung von im Rahmen der Impressumspflicht ver\u00f6ffentlichten Kontaktdaten durch Dritte zur \u00dcbersendung von nicht ausdr\u00fccklich angeforderter Werbung und Informationsmaterialien wird hiermit ausdr\u00fccklich widersprochen. Die Betreiber der Seiten behalten sich ausdr\u00fccklich rechtliche Schritte im Falle der unverlangten Zusendung von Werbeinformationen, etwa durch Spam-Mails, vor.<\/p>\n<h3>Keine Abmahnung ohne vorherigen Kontakt<\/h3>\n<p>Sollte irgendwelcher Inhalt oder die designtechnische Gestaltung einzelner Seiten oder Teile dieses Onlineangebotes fremde Rechte Dritter oder gesetzliche Bestimmungen verletzen oder anderweitig in irgendeiner Form wettbewerbsrechtliche Probleme hervorbringen, so bitten wir unter Berufung auf \u00a78 Abs. 4 UWG, um eine angemessene, ausreichend erl\u00e4uterte und schnelle Nachricht ohne Kostennote.<\/p>\n<p>Wir garantieren, dass die zu Recht beanstandeten Passagen oder Teile dieser Webseite in angemessener Frist entfernt bzw. den rechtlichen Vorgaben umf\u00e4nglich angepasst werden, ohne dass von Ihrer Seite die Einschaltung eines Rechtsbeistandes erforderlich ist.<\/p>\n<p>Ohne vorherige Kontaktaufnahme ausgel\u00f6ste Kosten werden wir vollumf\u00e4nglich zur\u00fcckweisen und gegebenfalls Gegenklage wegen Verletzung vorgenannter Bestimmungen einreichen.<\/p>\n","protected":false},"excerpt":{"rendered":"<p>Anbieter der Webseite: Pers\u00f6nlich haftende Gesellschafter: Friedrich R\u00fchl,\u00a0Nina R\u00fchl Retzendorfer Str. 8 91575 Windsbach Telefon 09871 888 Fax 09871 1088 [&hellip;]<\/p>\n","protected":false},"author":2,"featured_media":0,"parent":0,"menu_order":0,"comment_status":"open","ping_status":"open","template":"","meta":{"footnotes":""},"class_list":["post-411","page","type-page","status-publish","hentry"],"_links":{"self":[{"href":"https:\/\/moderuehl.de\/index.php?rest_route=\/wp\/v2\/pages\/411","targetHints":{"allow":["GET"]}}],"collection":[{"href":"https:\/\/moderuehl.de\/index.php?rest_route=\/wp\/v2\/pages"}],"about":[{"href":"https:\/\/moderuehl.de\/index.php?rest_route=\/wp\/v2\/types\/page"}],"author":[{"embeddable":true,"href":"https:\/\/moderuehl.de\/index.php?rest_route=\/wp\/v2\/users\/2"}],"replies":[{"embeddable":true,"href":"https:\/\/moderuehl.de\/index.php?rest_route=%2Fwp%2Fv2%2Fcomments&post=411"}],"version-history":[{"count":0,"href":"https:\/\/moderuehl.de\/index.php?rest_route=\/wp\/v2\/pages\/411\/revisions"}],"wp:attachment":[{"href":"https:\/\/moderuehl.de\/index.php?rest_route=%2Fwp%2Fv2%2Fmedia&parent=411"}],"curies":[{"name":"wp","href":"https:\/\/api.w.org\/{rel}","templated":true}]}}