{"id":307,"date":"2014-12-17T21:17:11","date_gmt":"2014-12-17T21:17:11","guid":{"rendered":"http:\/\/wordpress.moderuehl.de\/?page_id=307"},"modified":"2021-02-12T09:50:39","modified_gmt":"2021-02-12T09:50:39","slug":"gardinen-2","status":"publish","type":"page","link":"https:\/\/moderuehl.de\/?page_id=307","title":{"rendered":"Gardinen &#038; Heimtex"},"content":{"rendered":"<div class=\"services-wrapper services-fullbox cols-wrapper cols-4\" style=\"background-color:#ffffff;color:#000000;\"><div class=\"services-box col services-no-image\"><div class=\"services-content\"><div class=\"sc-wraper\"><h3>WASCHSERVICE<\/h3><p>Ihre Gardinen werden am Morgen von uns abgeholt und am Nachmittag wieder fachgerecht dekoriert.<\/p><\/div><\/div><\/div><div class=\"services-box col services-no-image\"><div class=\"services-content\"><div class=\"sc-wraper\"><h3>MONTAGE<\/h3><p>Lieferung, Montage & Dekoration von Gardinen, Schienen, Sonnen- und Insektenschutzanlagen.<\/p><\/div><\/div><\/div><div class=\"services-box col services-no-image\"><div class=\"services-content\"><div class=\"sc-wraper\"><h3>N\u00c4HSERVICE<\/h3><p>Fachgerechte Anfertigung Ihrer Gardinen und der \u00fcbrigen Produkte \u2013  auch Sonderanfertigungen von dazu passenden Kissenh\u00fcllen, Tagesdecken usw. Bei Umzug nehmen wir wenn m\u00f6glich auch \u00c4nderungen Ihrer vorhandenen Gardinen vor.<\/p><\/div><\/div><\/div><div class=\"services-box col nomargin services-no-image\"><div class=\"services-content\"><div class=\"sc-wraper\"><h3><a href=\"#\">HEIMSERVICE<\/a><\/h3><p>Unverbindliche Heimberatung und Aufma\u00df - auch gerne am Abend. Gardinenmustervorlage auch vor Ort. Fachgerechte und kompetente Beratung- \u00fcberall dort, wo Sie es w\u00fcnschen.<\/p><\/div><\/div><\/div><div class=\"clear\"><\/div><\/div>\n","protected":false},"excerpt":{"rendered":"","protected":false},"author":2,"featured_media":0,"parent":0,"menu_order":0,"comment_status":"open","ping_status":"open","template":"template-full-custom.php","meta":{"footnotes":""},"class_list":["post-307","page","type-page","status-publish","hentry"],"_links":{"self":[{"href":"https:\/\/moderuehl.de\/index.php?rest_route=\/wp\/v2\/pages\/307","targetHints":{"allow":["GET"]}}],"collection":[{"href":"https:\/\/moderuehl.de\/index.php?rest_route=\/wp\/v2\/pages"}],"about":[{"href":"https:\/\/moderuehl.de\/index.php?rest_route=\/wp\/v2\/types\/page"}],"author":[{"embeddable":true,"href":"https:\/\/moderuehl.de\/index.php?rest_route=\/wp\/v2\/users\/2"}],"replies":[{"embeddable":true,"href":"https:\/\/moderuehl.de\/index.php?rest_route=%2Fwp%2Fv2%2Fcomments&post=307"}],"version-history":[{"count":0,"href":"https:\/\/moderuehl.de\/index.php?rest_route=\/wp\/v2\/pages\/307\/revisions"}],"wp:attachment":[{"href":"https:\/\/moderuehl.de\/index.php?rest_route=%2Fwp%2Fv2%2Fmedia&parent=307"}],"curies":[{"name":"wp","href":"https:\/\/api.w.org\/{rel}","templated":true}]}}